{"id":303,"date":"2025-11-19T10:51:12","date_gmt":"2025-11-19T10:51:12","guid":{"rendered":"https:\/\/experiences.ingenieriaaplicada.org\/?page_id=303"},"modified":"2025-12-01T13:55:42","modified_gmt":"2025-12-01T13:55:42","slug":"navidad-2025-2","status":"publish","type":"page","link":"https:\/\/experiences.ingenieriaaplicada.org\/","title":{"rendered":"NAVIDAD 2025"},"content":{"rendered":"\t\t<div data-elementor-type=\"wp-page\" data-elementor-id=\"303\" class=\"elementor elementor-303\" data-elementor-post-type=\"page\">\n\t\t\t\t<div class=\"elementor-element elementor-element-f62c2c0 e-con-full e-flex e-con e-parent\" data-id=\"f62c2c0\" data-element_type=\"container\" data-e-type=\"container\" data-settings=\"{&quot;background_background&quot;:&quot;classic&quot;}\">\n\t\t<div class=\"elementor-element elementor-element-aea069f e-con-full e-flex e-con e-child\" data-id=\"aea069f\" data-element_type=\"container\" data-e-type=\"container\">\n\t\t\t\t<div class=\"elementor-element elementor-element-687e38b elementor-widget elementor-widget-image\" data-id=\"687e38b\" data-element_type=\"widget\" data-e-type=\"widget\" data-widget_type=\"image.default\">\n\t\t\t\t\t\t\t\t\t\t\t\t\t\t\t<img fetchpriority=\"high\" decoding=\"async\" width=\"800\" height=\"800\" src=\"https:\/\/experiences.ingenieriaaplicada.org\/wp-content\/uploads\/2025\/11\/Diseno-sin-titulo-1.jpg\" class=\"attachment-large size-large wp-image-262\" alt=\"\" srcset=\"https:\/\/experiences.ingenieriaaplicada.org\/wp-content\/uploads\/2025\/11\/Diseno-sin-titulo-1.jpg 1024w, https:\/\/experiences.ingenieriaaplicada.org\/wp-content\/uploads\/2025\/11\/Diseno-sin-titulo-1-300x300.jpg 300w, https:\/\/experiences.ingenieriaaplicada.org\/wp-content\/uploads\/2025\/11\/Diseno-sin-titulo-1-150x150.jpg 150w, https:\/\/experiences.ingenieriaaplicada.org\/wp-content\/uploads\/2025\/11\/Diseno-sin-titulo-1-768x768.jpg 768w, https:\/\/experiences.ingenieriaaplicada.org\/wp-content\/uploads\/2025\/11\/Diseno-sin-titulo-1-306x306.jpg 306w, https:\/\/experiences.ingenieriaaplicada.org\/wp-content\/uploads\/2025\/11\/Diseno-sin-titulo-1-533x533.jpg 533w\" sizes=\"(max-width: 800px) 100vw, 800px\" \/>\t\t\t\t\t\t\t\t\t\t\t\t\t\t\t<\/div>\n\t\t\t\t<\/div>\n\t\t<div class=\"elementor-element elementor-element-aa43e9e e-con-full e-flex e-con e-child\" data-id=\"aa43e9e\" data-element_type=\"container\" data-e-type=\"container\">\n\t\t\t\t<div class=\"elementor-element elementor-element-422f967 elementor-widget elementor-widget-spacer\" data-id=\"422f967\" data-element_type=\"widget\" data-e-type=\"widget\" data-widget_type=\"spacer.default\">\n\t\t\t\t\t\t\t<div class=\"elementor-spacer\">\n\t\t\t<div class=\"elementor-spacer-inner\"><\/div>\n\t\t<\/div>\n\t\t\t\t\t\t<\/div>\n\t\t\t\t<div class=\"elementor-element elementor-element-89d6a75 elementor-widget elementor-widget-heading\" data-id=\"89d6a75\" data-element_type=\"widget\" data-e-type=\"widget\" data-widget_type=\"heading.default\">\n\t\t\t\t\t<h2 class=\"elementor-heading-title elementor-size-default\">\u00a1Feliz Navidad!<\/h2>\t\t\t\t<\/div>\n\t\t\t\t<div class=\"elementor-element elementor-element-45fa70f elementor-widget elementor-widget-spacer\" data-id=\"45fa70f\" data-element_type=\"widget\" data-e-type=\"widget\" data-widget_type=\"spacer.default\">\n\t\t\t\t\t\t\t<div class=\"elementor-spacer\">\n\t\t\t<div class=\"elementor-spacer-inner\"><\/div>\n\t\t<\/div>\n\t\t\t\t\t\t<\/div>\n\t\t\t\t<div class=\"elementor-element elementor-element-b0cb5cd elementor-countdown--label-block elementor-widget elementor-widget-countdown\" data-id=\"b0cb5cd\" data-element_type=\"widget\" data-e-type=\"widget\" data-widget_type=\"countdown.default\">\n\t\t\t\t\t\t\t<div class=\"elementor-countdown-wrapper\" data-date=\"1766448000\">\n\t\t\t<div class=\"elementor-countdown-item\"><span class=\"elementor-countdown-digits elementor-countdown-days\"><\/span> <span class=\"elementor-countdown-label\">D\u00edas<\/span><\/div><div class=\"elementor-countdown-item\"><span class=\"elementor-countdown-digits elementor-countdown-hours\"><\/span> <span class=\"elementor-countdown-label\">Horas<\/span><\/div><div class=\"elementor-countdown-item\"><span class=\"elementor-countdown-digits elementor-countdown-minutes\"><\/span> <span class=\"elementor-countdown-label\">Minutos<\/span><\/div><div class=\"elementor-countdown-item\"><span class=\"elementor-countdown-digits elementor-countdown-seconds\"><\/span> <span class=\"elementor-countdown-label\">Segundos<\/span><\/div>\t\t<\/div>\n\t\t\t\t\t\t<\/div>\n\t\t\t\t<\/div>\n\t\t\t\t<\/div>\n\t\t<div class=\"elementor-element elementor-element-1fdf0e2 e-flex e-con-boxed e-con e-parent\" data-id=\"1fdf0e2\" data-element_type=\"container\" data-e-type=\"container\" data-settings=\"{&quot;background_background&quot;:&quot;classic&quot;}\">\n\t\t\t\t\t<div class=\"e-con-inner\">\n\t\t\t\t<div class=\"elementor-element elementor-element-29170ef elementor-widget elementor-widget-heading\" data-id=\"29170ef\" data-element_type=\"widget\" data-e-type=\"widget\" data-widget_type=\"heading.default\">\n\t\t\t\t\t<h2 class=\"elementor-heading-title elementor-size-default\">D\u00eda del Jersey Navide\u00f1o<\/h2>\t\t\t\t<\/div>\n\t\t\t\t<div class=\"elementor-element elementor-element-28bb719 elementor-widget elementor-widget-text-editor\" data-id=\"28bb719\" data-element_type=\"widget\" data-e-type=\"widget\" data-widget_type=\"text-editor.default\">\n\t\t\t\t\t\t\t\t\t<p>\u00a1Prepara tu mejor (o peor) look festivo! El pr\u00f3ximo 19 de diciembre volveremos a celebrar lo que ya es una tradici\u00f3n: ven con tu jersey navide\u00f1o m\u00e1s original y cont\u00e1giate del esp\u00edritu navide\u00f1o.<\/p>\t\t\t\t\t\t\t\t<\/div>\n\t\t\t\t\t<\/div>\n\t\t\t\t<\/div>\n\t\t<div class=\"elementor-element elementor-element-0ec6318 e-flex e-con-boxed e-con e-parent\" data-id=\"0ec6318\" data-element_type=\"container\" data-e-type=\"container\" data-settings=\"{&quot;background_background&quot;:&quot;classic&quot;}\">\n\t\t\t\t\t<div class=\"e-con-inner\">\n\t\t\t\t<div class=\"elementor-element elementor-element-1131d07 elementor-widget elementor-widget-spacer\" data-id=\"1131d07\" data-element_type=\"widget\" data-e-type=\"widget\" data-widget_type=\"spacer.default\">\n\t\t\t\t\t\t\t<div class=\"elementor-spacer\">\n\t\t\t<div class=\"elementor-spacer-inner\"><\/div>\n\t\t<\/div>\n\t\t\t\t\t\t<\/div>\n\t\t\t\t<div class=\"elementor-element elementor-element-31f684e elementor-widget elementor-widget-heading\" data-id=\"31f684e\" data-element_type=\"widget\" data-e-type=\"widget\" data-widget_type=\"heading.default\">\n\t\t\t\t\t<h2 class=\"elementor-heading-title elementor-size-default\">Loter\u00eda<\/h2>\t\t\t\t<\/div>\n\t\t\t\t<div class=\"elementor-element elementor-element-a0d08ba elementor-widget elementor-widget-spacer\" data-id=\"a0d08ba\" data-element_type=\"widget\" data-e-type=\"widget\" data-widget_type=\"spacer.default\">\n\t\t\t\t\t\t\t<div class=\"elementor-spacer\">\n\t\t\t<div class=\"elementor-spacer-inner\"><\/div>\n\t\t<\/div>\n\t\t\t\t\t\t<\/div>\n\t\t\t\t\t<\/div>\n\t\t\t\t<\/div>\n\t\t<div class=\"elementor-element elementor-element-b2be815 e-flex e-con-boxed e-con e-parent\" data-id=\"b2be815\" data-element_type=\"container\" data-e-type=\"container\">\n\t\t\t\t\t<div class=\"e-con-inner\">\n\t\t\t\t<div class=\"elementor-element elementor-element-a70e71c elementor-widget elementor-widget-spacer\" data-id=\"a70e71c\" data-element_type=\"widget\" data-e-type=\"widget\" data-widget_type=\"spacer.default\">\n\t\t\t\t\t\t\t<div class=\"elementor-spacer\">\n\t\t\t<div class=\"elementor-spacer-inner\"><\/div>\n\t\t<\/div>\n\t\t\t\t\t\t<\/div>\n\t\t\t\t<div class=\"elementor-element elementor-element-bc3546b elementor-button-align-stretch elementor-widget elementor-widget-form\" data-id=\"bc3546b\" data-element_type=\"widget\" data-e-type=\"widget\" data-settings=\"{&quot;step_next_label&quot;:&quot;Next&quot;,&quot;step_previous_label&quot;:&quot;Previous&quot;,&quot;button_width&quot;:&quot;100&quot;,&quot;step_type&quot;:&quot;number_text&quot;,&quot;step_icon_shape&quot;:&quot;circle&quot;}\" data-widget_type=\"form.default\">\n\t\t\t\t\t\t\t<form class=\"elementor-form\" method=\"post\" name=\"Loter\u00eda 25\" aria-label=\"Loter\u00eda 25\">\n\t\t\t<input type=\"hidden\" name=\"post_id\" value=\"303\"\/>\n\t\t\t<input type=\"hidden\" name=\"form_id\" value=\"bc3546b\"\/>\n\t\t\t<input type=\"hidden\" name=\"referer_title\" value=\"\" \/>\n\n\t\t\t\t\t\t\t<input type=\"hidden\" name=\"queried_id\" value=\"303\"\/>\n\t\t\t\n\t\t\t<div class=\"elementor-form-fields-wrapper elementor-labels-above\">\n\t\t\t\t\t\t\t\t<div class=\"elementor-field-type-text elementor-field-group elementor-column elementor-field-group-name elementor-col-100 elementor-field-required\">\n\t\t\t\t\t\t\t\t\t\t\t\t<label for=\"form-field-name\" class=\"elementor-field-label\">\n\t\t\t\t\t\t\t\tNombre\t\t\t\t\t\t\t<\/label>\n\t\t\t\t\t\t\t\t\t\t\t\t\t\t<input size=\"1\" type=\"text\" name=\"form_fields[name]\" id=\"form-field-name\" class=\"elementor-field elementor-size-sm  elementor-field-textual\" required=\"required\">\n\t\t\t\t\t\t\t\t\t\t\t<\/div>\n\t\t\t\t\t\t\t\t<div class=\"elementor-field-type-text elementor-field-group elementor-column elementor-field-group-field_07c13cb elementor-col-100\">\n\t\t\t\t\t\t\t\t\t\t\t\t<label for=\"form-field-field_07c13cb\" class=\"elementor-field-label\">\n\t\t\t\t\t\t\t\tN\u00famero\t\t\t\t\t\t\t<\/label>\n\t\t\t\t\t\t\t\t\t\t\t\t\t\t<input size=\"1\" type=\"text\" name=\"form_fields[field_07c13cb]\" id=\"form-field-field_07c13cb\" class=\"elementor-field elementor-size-sm  elementor-field-textual\">\n\t\t\t\t\t\t\t\t\t\t\t<\/div>\n\t\t\t\t\t\t\t\t<div class=\"elementor-field-type-upload elementor-field-group elementor-column elementor-field-group-field_d1adab7 elementor-col-100 elementor-field-required\">\n\t\t\t\t\t\t\t\t\t\t\t\t<label for=\"form-field-field_d1adab7\" class=\"elementor-field-label\">\n\t\t\t\t\t\t\t\tD\u00e9cimo\t\t\t\t\t\t\t<\/label>\n\t\t\t\t\t\t\t\t<input type=\"file\" name=\"form_fields[field_d1adab7]\" id=\"form-field-field_d1adab7\" class=\"elementor-field elementor-size-sm  elementor-upload-field\" required=\"required\">\n\n\t\t\t\t\t\t<\/div>\n\t\t\t\t\t\t\t\t<div class=\"elementor-field-group elementor-column elementor-field-type-submit elementor-col-100 e-form__buttons\">\n\t\t\t\t\t<button class=\"elementor-button elementor-size-sm\" type=\"submit\">\n\t\t\t\t\t\t<span class=\"elementor-button-content-wrapper\">\n\t\t\t\t\t\t\t\t\t\t\t\t\t\t\t\t\t\t\t\t\t\t<span class=\"elementor-button-text\">Enviar<\/span>\n\t\t\t\t\t\t\t\t\t\t\t\t\t<\/span>\n\t\t\t\t\t<\/button>\n\t\t\t\t<\/div>\n\t\t\t<\/div>\n\t\t<\/form>\n\t\t\t\t\t\t<\/div>\n\t\t\t\t<div class=\"elementor-element elementor-element-ab8a674 elementor-widget elementor-widget-spacer\" data-id=\"ab8a674\" data-element_type=\"widget\" data-e-type=\"widget\" data-widget_type=\"spacer.default\">\n\t\t\t\t\t\t\t<div class=\"elementor-spacer\">\n\t\t\t<div class=\"elementor-spacer-inner\"><\/div>\n\t\t<\/div>\n\t\t\t\t\t\t<\/div>\n\t\t\t\t<div class=\"elementor-element elementor-element-efb507c elementor-widget elementor-widget-shortcode\" data-id=\"efb507c\" data-element_type=\"widget\" data-e-type=\"widget\" data-widget_type=\"shortcode.default\">\n\t\t\t\t\t\t\t<div class=\"elementor-shortcode\"><div id=\"footable_parent_363\"\n         class=\" footable_parent ninja_table_wrapper loading_ninja_table wp_table_data_press_parent semantic_ui \">\n                <table data-ninja_table_instance=\"ninja_table_instance_0\" data-footable_id=\"363\" data-filter-delay=\"1000\" aria-label=\"Loter\u00eda 2025\"            id=\"footable_363\"\n           data-unique_identifier=\"ninja_table_unique_id_239216800_363\"\n           class=\" foo-table ninja_footable foo_table_363 ninja_table_unique_id_239216800_363 ui table  ninja_search_right nt_type_legacy_table selectable striped vertical_centered  footable-paging-right ninja_table_pro\">\n                <colgroup>\n                            <col class=\"ninja_column_0 \">\n                            <col class=\"ninja_column_1 \">\n                            <col class=\"ninja_column_2 \">\n                    <\/colgroup>\n        <thead>\n<tr class=\"footable-header\">\n                                                        <th scope=\"col\"  class=\"ninja_column_0 ninja_clmn_nm_nombre \">Nombre<\/th><th scope=\"col\"  class=\"ninja_column_1 ninja_clmn_nm_nmero \">N\u00famero<\/th><th scope=\"col\"  class=\"ninja_column_2 ninja_clmn_nm_dcimo \">D\u00e9cimo<\/th><\/tr>\n<\/thead>\n<tbody>\n\n        <tr data-row_id=\"0\" class=\"ninja_table_row_0 nt_row_id_0\">\n            <td>Juan Antonio Borr\u00e1s Vico<\/td><td>77291<\/td><td><a target=\"_blank\"  class=\"nt_btn \" style=\"\" rel=\"\" href=\"https:\/\/experiences.ingenieriaaplicada.org\/wp-content\/uploads\/elementor\/forms\/692edb6cabda4.jpg\">Ver<\/a><\/td>        <\/tr>\n            <tr data-row_id=\"1\" class=\"ninja_table_row_1 nt_row_id_1\">\n            <td>Mari Carmen Valero S\u00e1nchez<\/td><td>39014<\/td><td><a target=\"_blank\"  class=\"nt_btn \" style=\"\" rel=\"\" href=\"https:\/\/experiences.ingenieriaaplicada.org\/wp-content\/uploads\/elementor\/forms\/692fe54786844.jpeg\">Ver<\/a><\/td>        <\/tr>\n            <tr data-row_id=\"2\" class=\"ninja_table_row_2 nt_row_id_2\">\n            <td>Paqui Torres<\/td><td>83208<\/td><td><a target=\"_blank\"  class=\"nt_btn \" style=\"\" rel=\"\" href=\"https:\/\/experiences.ingenieriaaplicada.org\/wp-content\/uploads\/elementor\/forms\/6937ce0e8fce8.jpg\">Ver<\/a><\/td>        <\/tr>\n            <tr data-row_id=\"3\" class=\"ninja_table_row_3 nt_row_id_3\">\n            <td>Ana Molina<\/td><td>42624<\/td><td><a target=\"_blank\"  class=\"nt_btn \" style=\"\" rel=\"\" href=\"https:\/\/experiences.ingenieriaaplicada.org\/wp-content\/uploads\/elementor\/forms\/6937ce5091aa0.jpg\">Ver<\/a><\/td>        <\/tr>\n            <tr data-row_id=\"4\" class=\"ninja_table_row_4 nt_row_id_4\">\n            <td>Rosa Maria Espinosa<\/td><td>15710<\/td><td><a target=\"_blank\"  class=\"nt_btn \" style=\"\" rel=\"\" href=\"https:\/\/experiences.ingenieriaaplicada.org\/wp-content\/uploads\/elementor\/forms\/6937d79b27ba1.jpeg\">Ver<\/a><\/td>        <\/tr>\n            <tr data-row_id=\"5\" class=\"ninja_table_row_5 nt_row_id_5\">\n            <td>GERM\u00c1N JIM\u00c9NEZ<\/td><td>5807<\/td><td><a target=\"_blank\"  class=\"nt_btn \" style=\"\" rel=\"\" href=\"https:\/\/experiences.ingenieriaaplicada.org\/wp-content\/uploads\/elementor\/forms\/693aab51a16e4.jpg\">Ver<\/a><\/td>        <\/tr>\n            <tr data-row_id=\"6\" class=\"ninja_table_row_6 nt_row_id_6\">\n            <td>Mar\u00eda Nicol\u00e1s Nicol\u00e1s<\/td><td>99463<\/td><td><a target=\"_blank\"  class=\"nt_btn \" style=\"\" rel=\"\" href=\"https:\/\/experiences.ingenieriaaplicada.org\/wp-content\/uploads\/elementor\/forms\/693bc003c3ac6.jpg\">Ver<\/a><\/td>        <\/tr>\n            <tr data-row_id=\"7\" class=\"ninja_table_row_7 nt_row_id_7\">\n            <td>Juan Vera<\/td><td>87739<\/td><td><a target=\"_blank\"  class=\"nt_btn \" style=\"\" rel=\"\" href=\"https:\/\/experiences.ingenieriaaplicada.org\/wp-content\/uploads\/elementor\/forms\/693d48fa84215.jpeg\">Ver<\/a><\/td>        <\/tr>\n            <tr data-row_id=\"8\" class=\"ninja_table_row_8 nt_row_id_8\">\n            <td>CONTROLLER<\/td><td>27284<\/td><td><a target=\"_blank\"  class=\"nt_btn \" style=\"\" rel=\"\" href=\"https:\/\/experiences.ingenieriaaplicada.org\/wp-content\/uploads\/elementor\/forms\/6941080b2d8d2.jpg\">Ver<\/a><\/td>        <\/tr>\n            <tr data-row_id=\"9\" class=\"ninja_table_row_9 nt_row_id_9\">\n            <td>Ainoa<\/td><td>2739<\/td><td><a target=\"_blank\"  class=\"nt_btn \" style=\"\" rel=\"\" href=\"https:\/\/experiences.ingenieriaaplicada.org\/wp-content\/uploads\/elementor\/forms\/69428d8fe257e.jpg\">Ver<\/a><\/td>        <\/tr>\n            <tr data-row_id=\"10\" class=\"ninja_table_row_10 nt_row_id_10\">\n            <td>Alberto D\u00edez Saura<\/td><td>21590<\/td><td><a target=\"_blank\"  class=\"nt_btn \" style=\"\" rel=\"\" href=\"https:\/\/experiences.ingenieriaaplicada.org\/wp-content\/uploads\/elementor\/forms\/69429fed9e332.jpg\">Ver<\/a><\/td>        <\/tr>\n            <tr data-row_id=\"11\" class=\"ninja_table_row_11 nt_row_id_11\">\n            <td>Maria Jose Candela<\/td><td>5749<\/td><td><a target=\"_blank\"  class=\"nt_btn \" style=\"\" rel=\"\" href=\"https:\/\/experiences.ingenieriaaplicada.org\/wp-content\/uploads\/elementor\/forms\/6942e975b3a7f.jpg\">Ver<\/a><\/td>        <\/tr>\n            <tr data-row_id=\"12\" class=\"ninja_table_row_12 nt_row_id_12\">\n            <td>Omar<\/td><td>64008<\/td><td><a target=\"_blank\"  class=\"nt_btn \" style=\"\" rel=\"\" href=\"https:\/\/experiences.ingenieriaaplicada.org\/wp-content\/uploads\/elementor\/forms\/6942ff8865dd7.jpeg\">Ver<\/a><\/td>        <\/tr>\n            <tr data-row_id=\"13\" class=\"ninja_table_row_13 nt_row_id_13\">\n            <td>Cristina Garcia<\/td><td>48095<\/td><td><a target=\"_blank\"  class=\"nt_btn \" style=\"\" rel=\"\" href=\"https:\/\/experiences.ingenieriaaplicada.org\/wp-content\/uploads\/elementor\/forms\/6943aad11ac5a.jpg\">Ver<\/a><\/td>        <\/tr>\n            <tr data-row_id=\"14\" class=\"ninja_table_row_14 nt_row_id_14\">\n            <td>Juanma Cremades Campos<\/td><td>59971<\/td><td><a target=\"_blank\"  class=\"nt_btn \" style=\"\" rel=\"\" href=\"https:\/\/experiences.ingenieriaaplicada.org\/wp-content\/uploads\/elementor\/forms\/6943e11e91989.jpeg\">Ver<\/a><\/td>        <\/tr>\n            <tr data-row_id=\"15\" class=\"ninja_table_row_15 nt_row_id_15\">\n            <td>Ra\u00fal Nicol\u00e1s<\/td><td>14892<\/td><td><a target=\"_blank\"  class=\"nt_btn \" style=\"\" rel=\"\" href=\"https:\/\/experiences.ingenieriaaplicada.org\/wp-content\/uploads\/elementor\/forms\/6943fcf90f50a.jpeg\">Ver<\/a><\/td>        <\/tr>\n            <tr data-row_id=\"16\" class=\"ninja_table_row_16 nt_row_id_16\">\n            <td>Juan antonio Hern\u00e1ndez<\/td><td>27191<\/td><td><a target=\"_blank\"  class=\"nt_btn \" style=\"\" rel=\"\" href=\"https:\/\/experiences.ingenieriaaplicada.org\/wp-content\/uploads\/elementor\/forms\/69453a2064a8e.jpeg\">Ver<\/a><\/td>        <\/tr>\n            <tr data-row_id=\"17\" class=\"ninja_table_row_17 nt_row_id_17\">\n            <td>Mar\u00eda Victoria Mu\u00f1oz Mart\u00ednez<\/td><td>66581<\/td><td><a target=\"_blank\"  class=\"nt_btn \" style=\"\" rel=\"\" href=\"https:\/\/experiences.ingenieriaaplicada.org\/wp-content\/uploads\/elementor\/forms\/69468182e73bd.jpg\">Ver<\/a><\/td>        <\/tr>\n            <tr data-row_id=\"18\" class=\"ninja_table_row_18 nt_row_id_18\">\n            <td>Antonio egea<\/td><td>53112<\/td><td><a target=\"_blank\"  class=\"nt_btn \" style=\"\" rel=\"\" href=\"https:\/\/experiences.ingenieriaaplicada.org\/wp-content\/uploads\/elementor\/forms\/6948ef863c2b2.jpeg\">Ver<\/a><\/td>        <\/tr>\n            <tr data-row_id=\"19\" class=\"ninja_table_row_19 nt_row_id_19\">\n            <td>\u00d1i\u00f1o<\/td><td>13186<\/td><td><a target=\"_blank\"  class=\"nt_btn \" style=\"\" rel=\"\" href=\"https:\/\/experiences.ingenieriaaplicada.org\/wp-content\/uploads\/elementor\/forms\/6953bf8143d68.jpeg\">Ver<\/a><\/td>        <\/tr>\n            <tr data-row_id=\"20\" class=\"ninja_table_row_20 nt_row_id_20\">\n            <td>5 Ni\u00f1os<\/td><td>86073, 68435, 07650, 62754,18807<\/td><td><a target=\"_blank\"  class=\"nt_btn \" style=\"\" rel=\"\" href=\"https:\/\/experiences.ingenieriaaplicada.org\/wp-content\/uploads\/elementor\/forms\/69541b1321186.jpeg\">Ver<\/a><\/td>        <\/tr>\n            <tr data-row_id=\"21\" class=\"ninja_table_row_21 nt_row_id_21\">\n            <td>6 ni\u00f1os<\/td><td>92539,50338,39556,47680,96201,97084<\/td><td><a target=\"_blank\"  class=\"nt_btn \" style=\"\" rel=\"\" href=\"https:\/\/experiences.ingenieriaaplicada.org\/wp-content\/uploads\/elementor\/forms\/695c337cdc193.jpeg\">Ver<\/a><\/td>        <\/tr>\n    <\/tbody><!--ninja_tobody_rendering_done-->\n    <\/table>\n    \n    \n    \n<\/div>\n<\/div>\n\t\t\t\t\t\t<\/div>\n\t\t\t\t<div class=\"elementor-element elementor-element-cb4e1b9 elementor-widget elementor-widget-spacer\" data-id=\"cb4e1b9\" data-element_type=\"widget\" data-e-type=\"widget\" data-widget_type=\"spacer.default\">\n\t\t\t\t\t\t\t<div class=\"elementor-spacer\">\n\t\t\t<div class=\"elementor-spacer-inner\"><\/div>\n\t\t<\/div>\n\t\t\t\t\t\t<\/div>\n\t\t\t\t\t<\/div>\n\t\t\t\t<\/div>\n\t\t\t\t<\/div>\n\t\t","protected":false},"excerpt":{"rendered":"<p>\u00a1Feliz Navidad! D\u00edas Horas Minutos Segundos D\u00eda del Jersey Navide\u00f1o \u00a1Prepara tu mejor (o peor) look festivo! El pr\u00f3ximo 19 de diciembre volveremos a celebrar lo que ya es una tradici\u00f3n: ven con tu jersey navide\u00f1o m\u00e1s original y cont\u00e1giate del esp\u00edritu navide\u00f1o. Loter\u00eda<\/p>\n","protected":false},"author":1,"featured_media":0,"parent":0,"menu_order":0,"comment_status":"closed","ping_status":"closed","template":"elementor_header_footer","meta":{"footnotes":""},"class_list":["post-303","page","type-page","status-publish","hentry"],"_links":{"self":[{"href":"https:\/\/experiences.ingenieriaaplicada.org\/index.php\/wp-json\/wp\/v2\/pages\/303","targetHints":{"allow":["GET"]}}],"collection":[{"href":"https:\/\/experiences.ingenieriaaplicada.org\/index.php\/wp-json\/wp\/v2\/pages"}],"about":[{"href":"https:\/\/experiences.ingenieriaaplicada.org\/index.php\/wp-json\/wp\/v2\/types\/page"}],"author":[{"embeddable":true,"href":"https:\/\/experiences.ingenieriaaplicada.org\/index.php\/wp-json\/wp\/v2\/users\/1"}],"replies":[{"embeddable":true,"href":"https:\/\/experiences.ingenieriaaplicada.org\/index.php\/wp-json\/wp\/v2\/comments?post=303"}],"version-history":[{"count":39,"href":"https:\/\/experiences.ingenieriaaplicada.org\/index.php\/wp-json\/wp\/v2\/pages\/303\/revisions"}],"predecessor-version":[{"id":366,"href":"https:\/\/experiences.ingenieriaaplicada.org\/index.php\/wp-json\/wp\/v2\/pages\/303\/revisions\/366"}],"wp:attachment":[{"href":"https:\/\/experiences.ingenieriaaplicada.org\/index.php\/wp-json\/wp\/v2\/media?parent=303"}],"curies":[{"name":"wp","href":"https:\/\/api.w.org\/{rel}","templated":true}]}}